{"id":546,"date":"2015-10-21T13:11:53","date_gmt":"2015-10-21T13:11:53","guid":{"rendered":"http:\/\/www3.unifr.ch\/alma-georges\/?page_id=546"},"modified":"2023-02-08T17:33:23","modified_gmt":"2023-02-08T16:33:23","slug":"nous-contacter","status":"publish","type":"page","link":"https:\/\/www.unifr.ch\/alma-georges\/nous-contacter","title":{"rendered":"Contact"},"content":{"rendered":"\n<ul class=\"g7-tabs\"><li><a href=\"#tab-0\">Contact<\/a><\/li>\n<li><a href=\"#tab-1\">Impressum<\/a><\/li>\n<li><a href=\"#tab-2\">S'abonner<\/a><\/li><\/ul>\n<ul class=\"g7-tabs-content\"><li id=\"tab-0\">\n<p>&nbsp;<\/p>\n<p><strong><a href=\"https:\/\/www.unifr.ch\/scm\/fr\" target=\"_blank\" rel=\"noopener\">Unicom Communication et M\u00e9dias<\/a><\/strong><br \/>\nUniversit\u00e9 de Fribourg<br \/>\nAv. de l&rsquo;Europe 20<br \/>\n1700 Fribourg<br \/>\n026 300 70 34<br \/>\nnews@unifr.ch<\/p>\n<\/li>\n<li id=\"tab-1\">\n<p>&nbsp;<\/p>\n<p><em><strong>Alma&amp;Georges<\/strong><\/em>, le magazine en ligne de l&rsquo;Universit\u00e9 de Fribourg, est \u00e9dit\u00e9 par<\/p>\n<p><strong><a href=\"https:\/\/www.unifr.ch\/scm\/fr\" target=\"_blank\" rel=\"noopener\">Unicom Communication et M\u00e9dias<\/a><\/strong><br \/>\nUniversit\u00e9 de Fribourg<br \/>\nAv. de l&rsquo;Europe 20<br \/>\n1700 Fribourg<br \/>\n026 300 70 34<br \/>\nnews@unifr.ch<\/p>\n<p><strong>R\u00e9dactrice en chef:<\/strong> Farida Khali<br \/>\n<strong>R\u00e9daction:<\/strong> Lovis Cassaris, Christian Doninelli, Marius Widmer<\/p>\n<p><strong>Correction et administration:<\/strong> Marie-Claude Cl\u00e9ment, Marie-Jo Buchs<br \/>\n<strong>Support web:<\/strong> Samuel Crausaz, Nicolas Fretigny, Laurent Andrey<br \/>\n<strong>Support graphique:<\/strong> Caroline Bruegger, Daniel Wynistorf<\/p>\n<p><strong>ISSN: <\/strong>2297-6914<\/p>\n<\/li>\n<li id=\"tab-2\">\n<iframe onload=\"javascript:parent.scrollTo(0,0);\" height=\"7221\" allowTransparency=\"true\" frameborder=\"0\" scrolling=\"no\" style=\"width:100%;border:none\" src=\"https:\/\/www.unifr.ch\/form\/alma-georges\/embed.php?id=11295\"><a href=\"https:\/\/www.unifr.ch\/form\/alma-georges\/view.php?id=11295\">Click here to complete the form.<\/a><\/iframe>\n<\/li><\/ul>\n\n","protected":false},"excerpt":{"rendered":"","protected":false},"author":6,"featured_media":0,"parent":0,"menu_order":0,"comment_status":"closed","ping_status":"closed","template":"","meta":{"footnotes":""},"_links":{"self":[{"href":"https:\/\/www.unifr.ch\/alma-georges\/wp-json\/wp\/v2\/pages\/546"}],"collection":[{"href":"https:\/\/www.unifr.ch\/alma-georges\/wp-json\/wp\/v2\/pages"}],"about":[{"href":"https:\/\/www.unifr.ch\/alma-georges\/wp-json\/wp\/v2\/types\/page"}],"author":[{"embeddable":true,"href":"https:\/\/www.unifr.ch\/alma-georges\/wp-json\/wp\/v2\/users\/6"}],"replies":[{"embeddable":true,"href":"https:\/\/www.unifr.ch\/alma-georges\/wp-json\/wp\/v2\/comments?post=546"}],"version-history":[{"count":6,"href":"https:\/\/www.unifr.ch\/alma-georges\/wp-json\/wp\/v2\/pages\/546\/revisions"}],"predecessor-version":[{"id":17624,"href":"https:\/\/www.unifr.ch\/alma-georges\/wp-json\/wp\/v2\/pages\/546\/revisions\/17624"}],"wp:attachment":[{"href":"https:\/\/www.unifr.ch\/alma-georges\/wp-json\/wp\/v2\/media?parent=546"}],"curies":[{"name":"wp","href":"https:\/\/api.w.org\/{rel}","templated":true}]}}