{"id":10168,"date":"2020-01-22T07:55:34","date_gmt":"2020-01-22T06:55:34","guid":{"rendered":"https:\/\/www3.unifr.ch\/alma-georges?page_id=10168"},"modified":"2024-11-19T15:09:57","modified_gmt":"2024-11-19T14:09:57","slug":"home","status":"publish","type":"page","link":"https:\/\/www.unifr.ch\/alma-georges","title":{"rendered":"Irene Gassmann: Tradition und Moderne im Einklang"},"content":{"rendered":"<h4>Sr. Irene Gassmann OSB, Priorin des Klosters Fahr, wurde von der Theologischen Fakult\u00e4t der Universit\u00e4t Freiburg mit dem Ehrendoktorat 2024 ausgezeichnet. Diese Ehrung w\u00fcrdigt ihr \u00fcber zwanzigj\u00e4hriges Engagement, monastisches Leben und Moderne miteinander zu verbinden. Die Verleihung fand am 15. November 2024 im Rahmen des Dies Academicus statt. Schauen Sie jetzt das Video-Interview mit der Alma&amp;Georges-Redaktion. <div class=\"clear\" style=\"height:20px\"><\/div><\/h4>\n<p><iframe loading=\"lazy\" title=\"YouTube video player\" src=\"https:\/\/www.youtube.com\/embed\/Gj56ySTn3kA?si=TIT-UY77GbtEGVxC\" width=\"560\" height=\"315\" frameborder=\"0\" allowfullscreen=\"allowfullscreen\"><\/iframe><\/p>\n<div class=\"clear\" style=\"height:20px\"><\/div>\n<span style=\"color: #ff6600;\">________<\/span><\/p>\n<div class=\"clear\" style=\"height:20px\"><\/div>\n<ul>\n<li>Sr. Irene Gassmann OSB mit dem <a href=\"https:\/\/www.unifr.ch\/theo\/de\/news\/news\/31275\/trad\" target=\"_blank\" rel=\"noopener\">Ehrendoktorat<\/a> 2024 ausgezeichnet<br \/>\n<div class=\"clear\" style=\"height:20px\"><\/div><\/li>\n<\/ul>\n","protected":false},"excerpt":{"rendered":"<p>Sr. Irene Gassmann OSB, Priorin des Klosters Fahr, wurde von der Theologischen Fakult\u00e4t der Universit\u00e4t Freiburg mit dem Ehrendoktorat 2024 ausgezeichnet. Diese Ehrung w\u00fcrdigt ihr \u00fcber zwanzigj\u00e4hriges Engagement, monastisches Leben und Moderne miteinander zu verbinden. Die Verleihung fand am 15. November 2024 im Rahmen des Dies Academicus statt. Schauen Sie jetzt das Video-Interview mit der Alma&amp;Georges-Redaktion. ________ Sr. Irene Gassmann OSB mit dem Ehrendoktorat 2024 ausgezeichnet<\/p>\n","protected":false},"author":4,"featured_media":21442,"parent":0,"menu_order":0,"comment_status":"closed","ping_status":"closed","template":"page-builder.php","meta":{"footnotes":""},"_links":{"self":[{"href":"https:\/\/www.unifr.ch\/alma-georges\/wp-json\/wp\/v2\/pages\/10168"}],"collection":[{"href":"https:\/\/www.unifr.ch\/alma-georges\/wp-json\/wp\/v2\/pages"}],"about":[{"href":"https:\/\/www.unifr.ch\/alma-georges\/wp-json\/wp\/v2\/types\/page"}],"author":[{"embeddable":true,"href":"https:\/\/www.unifr.ch\/alma-georges\/wp-json\/wp\/v2\/users\/4"}],"replies":[{"embeddable":true,"href":"https:\/\/www.unifr.ch\/alma-georges\/wp-json\/wp\/v2\/comments?post=10168"}],"version-history":[{"count":3,"href":"https:\/\/www.unifr.ch\/alma-georges\/wp-json\/wp\/v2\/pages\/10168\/revisions"}],"predecessor-version":[{"id":21441,"href":"https:\/\/www.unifr.ch\/alma-georges\/wp-json\/wp\/v2\/pages\/10168\/revisions\/21441"}],"wp:featuredmedia":[{"embeddable":true,"href":"https:\/\/www.unifr.ch\/alma-georges\/wp-json\/wp\/v2\/media\/21442"}],"wp:attachment":[{"href":"https:\/\/www.unifr.ch\/alma-georges\/wp-json\/wp\/v2\/media?parent=10168"}],"curies":[{"name":"wp","href":"https:\/\/api.w.org\/{rel}","templated":true}]}}